{"id":8,"date":"2024-01-02T10:39:21","date_gmt":"2024-01-02T13:39:21","guid":{"rendered":"http:\/\/casasdomar.local\/?page_id=8"},"modified":"2024-06-26T06:12:36","modified_gmt":"2024-06-26T09:12:36","slug":"casas-do-mar-porto-covo-apartamentos-t3","status":"publish","type":"page","link":"https:\/\/casasdomarportocovo.pt\/en\/","title":{"rendered":"Casas do Mar"},"content":{"rendered":"","protected":false},"excerpt":{"rendered":"","protected":false},"author":1,"featured_media":0,"parent":0,"menu_order":0,"comment_status":"closed","ping_status":"closed","template":"page-home.php","meta":{"footnotes":""},"class_list":["post-8","page","type-page","status-publish","hentry"],"acf":[],"yoast_head":"<!-- This site is optimized with the Yoast SEO plugin v22.8 - https:\/\/yoast.com\/wordpress\/plugins\/seo\/ -->\n<title>Casas Do Mar Porto Covo<\/title>\n<meta name=\"description\" content=\"Casas Do Mar Porto Covo\/T3, seu ref\u00fagio perfeito na costa alentejana. Desfrute de acomoda\u00e7\u00f5es com vistas deslumbrantes em frente ao mar.\" \/>\n<meta name=\"robots\" content=\"index, follow, max-snippet:-1, max-image-preview:large, max-video-preview:-1\" \/>\n<link rel=\"canonical\" href=\"https:\/\/casasdomarportocovo.pt\/en\/\" \/>\n<meta property=\"og:locale\" content=\"en_US\" \/>\n<meta property=\"og:type\" content=\"article\" \/>\n<meta property=\"og:title\" content=\"Casas do Mar Porto Covo\" \/>\n<meta property=\"og:description\" content=\"Encante-se com Casas do Mar Porto Covo: acomoda\u00e7\u00f5es confort\u00e1veis, vistas incr\u00edveis e localiza\u00e7\u00e3o privilegiada na costa alentejana. Aproveite praias, trilhas e gastronomia local. Reserve j\u00e1!\" \/>\n<meta property=\"og:url\" content=\"https:\/\/casasdomarportocovo.pt\/en\/\" \/>\n<meta property=\"og:site_name\" content=\"Casas do Mar\" \/>\n<meta property=\"article:modified_time\" content=\"2024-06-26T09:12:36+00:00\" \/>\n<meta property=\"og:image\" content=\"https:\/\/casasdomarportocovo.pt\/wp-content\/uploads\/2024\/03\/cropped-group-1.webp\" \/>\n\t<meta property=\"og:image:width\" content=\"512\" \/>\n\t<meta property=\"og:image:height\" content=\"512\" \/>\n\t<meta property=\"og:image:type\" content=\"image\/webp\" \/>\n<meta name=\"twitter:card\" content=\"summary_large_image\" \/>\n<meta name=\"twitter:title\" content=\"Casas do Mar Porto Covo\" \/>\n<meta name=\"twitter:description\" content=\"Encante-se com Casas do Mar Porto Covo: acomoda\u00e7\u00f5es confort\u00e1veis, vistas incr\u00edveis e localiza\u00e7\u00e3o privilegiada na costa alentejana. Aproveite praias, trilhas e gastronomia local. Reserve j\u00e1!\" \/>\n<meta name=\"twitter:image\" content=\"https:\/\/casasdomarportocovo.pt\/wp-content\/uploads\/2024\/03\/cropped-group-1.webp\" \/>\n<script type=\"application\/ld+json\" class=\"yoast-schema-graph\">{\"@context\":\"https:\/\/schema.org\",\"@graph\":[{\"@type\":\"WebPage\",\"@id\":\"https:\/\/casasdomarportocovo.pt\/\",\"url\":\"https:\/\/casasdomarportocovo.pt\/\",\"name\":\"Casas Do Mar Porto Covo\",\"isPartOf\":{\"@id\":\"https:\/\/casasdomarportocovo.pt\/#website\"},\"datePublished\":\"2024-01-02T13:39:21+00:00\",\"dateModified\":\"2024-06-26T09:12:36+00:00\",\"description\":\"Casas Do Mar Porto Covo\/T3, seu ref\u00fagio perfeito na costa alentejana. Desfrute de acomoda\u00e7\u00f5es com vistas deslumbrantes em frente ao mar.\",\"breadcrumb\":{\"@id\":\"https:\/\/casasdomarportocovo.pt\/#breadcrumb\"},\"inLanguage\":\"en-US\",\"potentialAction\":[{\"@type\":\"ReadAction\",\"target\":[\"https:\/\/casasdomarportocovo.pt\/\"]}]},{\"@type\":\"BreadcrumbList\",\"@id\":\"https:\/\/casasdomarportocovo.pt\/#breadcrumb\",\"itemListElement\":[{\"@type\":\"ListItem\",\"position\":1,\"name\":\"In\u00edcio\",\"item\":\"https:\/\/casasdomarportocovo.pt\/\"},{\"@type\":\"ListItem\",\"position\":2,\"name\":\"Casas do Mar\"}]},{\"@type\":\"WebSite\",\"@id\":\"https:\/\/casasdomarportocovo.pt\/#website\",\"url\":\"https:\/\/casasdomarportocovo.pt\/\",\"name\":\"Casas do Mar\",\"description\":\"\",\"potentialAction\":[{\"@type\":\"SearchAction\",\"target\":{\"@type\":\"EntryPoint\",\"urlTemplate\":\"https:\/\/casasdomarportocovo.pt\/?s={search_term_string}\"},\"query-input\":\"required name=search_term_string\"}],\"inLanguage\":\"en-US\"}]}<\/script>\n<!-- \/ Yoast SEO plugin. -->","yoast_head_json":{"title":"Casas Do Mar Porto Covo","description":"Casas Do Mar Porto Covo\/T3, seu ref\u00fagio perfeito na costa alentejana. Desfrute de acomoda\u00e7\u00f5es com vistas deslumbrantes em frente ao mar.","robots":{"index":"index","follow":"follow","max-snippet":"max-snippet:-1","max-image-preview":"max-image-preview:large","max-video-preview":"max-video-preview:-1"},"canonical":"https:\/\/casasdomarportocovo.pt\/en\/","og_locale":"en_US","og_type":"article","og_title":"Casas do Mar Porto Covo","og_description":"Encante-se com Casas do Mar Porto Covo: acomoda\u00e7\u00f5es confort\u00e1veis, vistas incr\u00edveis e localiza\u00e7\u00e3o privilegiada na costa alentejana. Aproveite praias, trilhas e gastronomia local. Reserve j\u00e1!","og_url":"https:\/\/casasdomarportocovo.pt\/en\/","og_site_name":"Casas do Mar","article_modified_time":"2024-06-26T09:12:36+00:00","og_image":[{"width":512,"height":512,"url":"https:\/\/casasdomarportocovo.pt\/wp-content\/uploads\/2024\/03\/cropped-group-1.webp","type":"image\/webp"}],"twitter_card":"summary_large_image","twitter_title":"Casas do Mar Porto Covo","twitter_description":"Encante-se com Casas do Mar Porto Covo: acomoda\u00e7\u00f5es confort\u00e1veis, vistas incr\u00edveis e localiza\u00e7\u00e3o privilegiada na costa alentejana. Aproveite praias, trilhas e gastronomia local. Reserve j\u00e1!","twitter_image":"https:\/\/casasdomarportocovo.pt\/wp-content\/uploads\/2024\/03\/cropped-group-1.webp","schema":{"@context":"https:\/\/schema.org","@graph":[{"@type":"WebPage","@id":"https:\/\/casasdomarportocovo.pt\/","url":"https:\/\/casasdomarportocovo.pt\/","name":"Casas Do Mar Porto Covo","isPartOf":{"@id":"https:\/\/casasdomarportocovo.pt\/#website"},"datePublished":"2024-01-02T13:39:21+00:00","dateModified":"2024-06-26T09:12:36+00:00","description":"Casas Do Mar Porto Covo\/T3, seu ref\u00fagio perfeito na costa alentejana. Desfrute de acomoda\u00e7\u00f5es com vistas deslumbrantes em frente ao mar.","breadcrumb":{"@id":"https:\/\/casasdomarportocovo.pt\/#breadcrumb"},"inLanguage":"en-US","potentialAction":[{"@type":"ReadAction","target":["https:\/\/casasdomarportocovo.pt\/"]}]},{"@type":"BreadcrumbList","@id":"https:\/\/casasdomarportocovo.pt\/#breadcrumb","itemListElement":[{"@type":"ListItem","position":1,"name":"In\u00edcio","item":"https:\/\/casasdomarportocovo.pt\/"},{"@type":"ListItem","position":2,"name":"Casas do Mar"}]},{"@type":"WebSite","@id":"https:\/\/casasdomarportocovo.pt\/#website","url":"https:\/\/casasdomarportocovo.pt\/","name":"Casas do Mar","description":"","potentialAction":[{"@type":"SearchAction","target":{"@type":"EntryPoint","urlTemplate":"https:\/\/casasdomarportocovo.pt\/?s={search_term_string}"},"query-input":"required name=search_term_string"}],"inLanguage":"en-US"}]}},"_links":{"self":[{"href":"https:\/\/casasdomarportocovo.pt\/en\/wp-json\/wp\/v2\/pages\/8","targetHints":{"allow":["GET"]}}],"collection":[{"href":"https:\/\/casasdomarportocovo.pt\/en\/wp-json\/wp\/v2\/pages"}],"about":[{"href":"https:\/\/casasdomarportocovo.pt\/en\/wp-json\/wp\/v2\/types\/page"}],"author":[{"embeddable":true,"href":"https:\/\/casasdomarportocovo.pt\/en\/wp-json\/wp\/v2\/users\/1"}],"replies":[{"embeddable":true,"href":"https:\/\/casasdomarportocovo.pt\/en\/wp-json\/wp\/v2\/comments?post=8"}],"version-history":[{"count":31,"href":"https:\/\/casasdomarportocovo.pt\/en\/wp-json\/wp\/v2\/pages\/8\/revisions"}],"predecessor-version":[{"id":189,"href":"https:\/\/casasdomarportocovo.pt\/en\/wp-json\/wp\/v2\/pages\/8\/revisions\/189"}],"wp:attachment":[{"href":"https:\/\/casasdomarportocovo.pt\/en\/wp-json\/wp\/v2\/media?parent=8"}],"curies":[{"name":"wp","href":"https:\/\/api.w.org\/{rel}","templated":true}]}}